{"id":23484,"date":"2018-03-06T11:22:01","date_gmt":"2018-03-06T10:22:01","guid":{"rendered":"https:\/\/www.leuchtturm-coworking.at\/?page_id=23484"},"modified":"2023-09-21T08:15:11","modified_gmt":"2023-09-21T06:15:11","slug":"privacy-policy","status":"publish","type":"page","link":"https:\/\/www.leuchtturm-coworking.at\/en\/privacy-policy\/","title":{"rendered":"Privacy policy"},"content":{"rendered":"<div class=\"wpb-content-wrapper\"><p>[vc_row css_animation=&#8221;&#8221; row_type=&#8221;row&#8221; use_row_as_full_screen_section=&#8221;no&#8221; type=&#8221;full_width&#8221; text_align=&#8221;left&#8221; css=&#8221;.vc_custom_1520326978744{padding-top: 80px !important;padding-bottom: 80px !important;}&#8221;][vc_column][vc_column_text]<\/p>\n<h3>Datenschutzerkl\u00e4rung<\/h3>\n<p>Nutzungshinweise f\u00fcr die Webseite https:\/\/www.leuchtturm-coworking.at<\/p>\n<p>&nbsp;<\/p>\n<h4><strong>Geltungsbereich<\/strong><\/h4>\n<p>Dieser Datenschutzhinweis kl\u00e4rt Nutzer \u00fcber die Art, den Umfang und Zwecke der Erhebung und Verwendung personenbezogener Daten durch COWORKINGSPACE LEUCHTTURM \u2013 VR 37 Besitz GmbH, Luegerstra\u00dfe 10, A-9020 Klagenfurt auf dieser Website auf. Sie gilt nur f\u00fcr die Inhalte auf unserem Server und umfasst nicht die auf unserer Seite verlinkten Webseiten. Wir legen gro\u00dfen Wert auf den Schutz Ihrer Daten. Um Sie in vollem Umfang \u00fcber die Verwendung personenbezogener Daten zu informieren, bitten wir Sie die folgenden Datenschutzhinweise zur Kenntnis zu nehmen.<\/p>\n<p>&nbsp;<\/p>\n<h4><strong>Pers\u00f6nliche Daten<\/strong><\/h4>\n<p>Pers\u00f6nliche Daten, die Sie auf dieser&nbsp;Website elektronisch \u00fcbermitteln, wie zum Beispiel Name, E-Mail-Adresse, Adresse&nbsp;oder andere pers\u00f6nlichen Angaben, werden von uns nur zum jeweils angegebenen Zweck verwendet, sicher verwahrt und nicht an Dritte weitergegeben. Der Provider erhebt und speichert automatisch Informationen am Webserver wie verwendeter Browser, Betriebssystem, Verweisseite, IP-Adresse, Uhrzeit des Zugriffs usw. Diese Daten k\u00f6nnen ohne Pr\u00fcfung weiterer Datenquellen keinen bestimmten Personen zugeordnet werden und wir werten diese Daten auch nicht weiter aus solange keine rechtswidrige Nutzung unserer Webseite vorliegt.<\/p>\n<p>&nbsp;<\/p>\n<h4><strong>Formulardaten und Kommentare<\/strong><\/h4>\n<p>Wenn Webseitenbesucher Kommentare oder Formulareintr\u00e4ge hinterlassen, werden die eingegebenen Daten und ihre IP-Adressen gespeichert. Das erfolgt zur Sicherheit, falls jemand widerrechtliche Inhalte verfasst (Beleidigungen, links- oder rechtsextreme Propaganda, Hasspostings usw.). In diesem Fall sind wir&nbsp;an der Identit\u00e4t des Verfassers interessiert.<\/p>\n<p>Formulardaten (z.B. von Kontaktformularen) werden zum Zwecke der Kontaktaufnahme erhoben, verarbeitet und gespeichert. Hierzu geh\u00f6rt auch die IP-Adresse. Sollten Nutzer damit nicht einverstanden sein, bitten wir von der Nutzung der Formulare auf der Webseite Abstand zu nehmen.<\/p>\n<p>&nbsp;<\/p>\n<h4><strong>Einbindung von Diensten und Inhalten Dritter<\/strong><\/h4>\n<p>Es kann vorkommen, dass innerhalb dieses Onlineangebotes Inhalte Dritter, wie zum Beispiel Videos von YouTube, Kartenmaterial von Google-Maps, RSS-Feeds oder Grafiken von anderen Webseiten eingebunden werden. Dies setzt immer voraus, dass die Anbieter dieser Inhalte (nachfolgend bezeichnet als \u201cDritt-Anbieter\u201d) die IP-Adresse der Nutzer wahrnehmen. Denn ohne die IP-Adresse, k\u00f6nnten sie die Inhalte nicht an den Browser des jeweiligen Nutzers senden. Die IP-Adresse ist damit f\u00fcr die Darstellung dieser Inhalte erforderlich. Wir bem\u00fchen uns nur solche Inhalte zu verwenden, deren jeweilige Anbieter die IP-Adresse lediglich zur Auslieferung der Inhalte verwenden. Jedoch haben wir keinen Einfluss darauf, falls die Dritt-Anbieter die IP-Adresse z.B. f\u00fcr statistische Zwecke speichern. Soweit dies uns bekannt ist, kl\u00e4ren wir die Nutzer dar\u00fcber auf bzw. Anonymisieren die IP soweit es uns technisch m\u00f6glich ist.<\/p>\n<p>&nbsp;<\/p>\n<h4><strong>Cookies<\/strong><\/h4>\n<p>Cookies sind kleine Dateien, die es dieser Webseite erm\u00f6glichen auf dem Computer des Besuchers spezifische, auf den Nutzer bezogene Informationen zu speichern, w\u00e4hrend unsere Website besucht wird. Cookies helfen uns dabei, die Nutzungsh\u00e4ufigkeit und die Anzahl der Nutzer unserer Internetseiten zu ermitteln, sowie unsere Angebote f\u00fcr Sie komfortabel und effizient zu gestalten. Wir verwenden einerseits Session-Cookies, die ausschlie\u00dflich f\u00fcr die Dauer Ihrer Nutzung unserer Website zwischengespeichert werden und zum anderen permanente Cookies, um Informationen \u00fcber Besucher festzuhalten, die wiederholt auf unsere Website zugreifen. Der Zweck des Einsatzes dieser Cookies besteht darin, eine optimale Benutzerf\u00fchrung anbieten zu k\u00f6nnen sowie Besucher wiederzuerkennen und bei wiederholter Nutzung eine m\u00f6glichst attraktive Website und interessante Inhalte pr\u00e4sentieren zu k\u00f6nnen. Der Inhalt eines permanenten Cookies beschr\u00e4nkt sich auf eine Identifikationsnummer. Name, IP-Adresse usw. werden nicht gespeichert. Eine Einzelprofilbildung \u00fcber Ihr Nutzungsverhalten findet nicht statt. Eine Nutzung unserer Angebote ist auch ohne Cookies m\u00f6glich. Sie k\u00f6nnen in Ihrem Browser das Speichern von Cookies deaktivieren, auf bestimmte Webseiten beschr\u00e4nken oder Ihren Webbrowser (Chrome, IE, Firefox,\u2026) so einstellen, dass er sie benachrichtigt, sobald ein Cookie gesendet wird. Sie k\u00f6nnen Cookies auch jederzeit von der Festplatte ihres PC l\u00f6schen. Bitte beachten Sie aber, dass Sie in diesem Fall mit einer eingeschr\u00e4nkten Darstellung der Seite und mit einer eingeschr\u00e4nkten Benutzerf\u00fchrung rechnen m\u00fcssen.<\/p>\n<h3>&nbsp;<\/h3>\n<h3 style=\"text-align: left;\">Verwendete Cookies<\/h3>\n<p style=\"text-align: left;\">[borlabs-cookie type=&#8221;cookie-list&#8221;\/]<\/p>\n<h3 style=\"text-align: left;\">&nbsp;<\/h3>\n<h3 style=\"text-align: left;\">Cookie Einstellungen \u00e4ndern<\/h3>\n<a href=\"#\" class=\"cn-revoke-cookie cn-button-inline cn-revoke-inline button\" title=\"Cookie widerrufen \/ Einstellungen \u00e4ndern\">Cookie widerrufen \/ Einstellungen \u00e4ndern<\/a>\n<p>&nbsp;<\/p>\n<h4>Verwendung von Webfonts<\/h4>\n<p>Auf diesen Internetseiten werden externe Schriften, Google Fonts verwendet. Google Fonts ist ein Dienst der Google Inc. (&#8220;Google&#8221;). Die Einbindung dieser Webfonts erfolgt durch einen Serveraufruf (in der Regel ein Server von Google in den USA). Hierdurch wird an den Server \u00fcbermittelt, welche unserer Internetseiten besucht wurde. Auch wird die IP-Adresse des Browsers des Endger\u00e4tes des Besuchers dieser Internetseiten von Google gespeichert. N\u00e4here Informationen finden Sie in den Datenschutzhinweisen von Google, die Sie hier abrufen k\u00f6nnen:<\/p>\n<p><a href=\"https:\/\/www.google.com\/fonts#AboutPlace:about\" target=\"_blank\" rel=\"noopener noreferrer\">www.google.com\/fonts#AboutPlace:about<\/a><\/p>\n<p><a href=\"https:\/\/www.google.com\/policies\/privacy\/\" target=\"_blank\" rel=\"noopener noreferrer\">www.google.com\/policies\/privacy\/<\/a><\/p>\n<p>Hinweis: Laut Google Inc. werden f\u00fcr die Bereitsstellung von Google Fonts keine personenbezogenen Daten &#8211; mit Ausnahme der IP &#8211; gespeichert oder verarbeitet. Google Fonts ist grunds\u00e4tzlich von anderen Services von Google entkoppelt.<\/p>\n<p>&nbsp;<\/p>\n<h4><strong>Datenschutzerkl\u00e4rung f\u00fcr die Nutzung von Google Analytics<\/strong><\/h4>\n<p>Diese Website benutzt Google Analytics, einen Webanalysedienst der Google Inc. (\u201eGoogle\u201c). Google Analytics verwendet sog. \u201eCookies\u201c, Textdateien, die auf Ihrem Computer gespeichert werden und die eine Analyse der Benutzung der Website durch Sie erm\u00f6glichen. Die durch den Cookie erzeugten Informationen \u00fcber Ihre Benutzung dieser Website werden in der Regel an einen Server von Google in den USA \u00fcbertragen und dort gespeichert. Im Falle der Aktivierung der IP-Anonymisierung auf dieser Webseite, wird Ihre IP-Adresse von Google jedoch innerhalb von Mitgliedstaaten der Europ\u00e4ischen Union oder in anderen Vertragsstaaten des Abkommens \u00fcber den Europ\u00e4ischen Wirtschaftsraum zuvor gek\u00fcrzt. Nur in Ausnahmef\u00e4llen wird die volle IP-Adresse an einen Server von Google in den USA \u00fcbertragen und dort gek\u00fcrzt. Im Auftrag des Betreibers dieser Website wird Google diese Informationen benutzen, um Ihre Nutzung der Website auszuwerten, um Reports \u00fcber die Websiteaktivit\u00e4ten zusammenzustellen und um weitere mit der Websitenutzung und der Internetnutzung verbundene Dienstleistungen gegen\u00fcber dem Websitebetreiber zu erbringen. Die im Rahmen von Google Analytics von Ihrem Browser \u00fcbermittelte IP-Adresse wird nicht mit anderen Daten von Google zusammengef\u00fchrt. Sie k\u00f6nnen die Speicherung der Cookies durch eine entsprechende Einstellung Ihrer Browser-Software verhindern; wir weisen Sie jedoch darauf hin, dass Sie in diesem Fall gegebenenfalls nicht s\u00e4mtliche Funktionen dieser Website vollumf\u00e4nglich werden nutzen k\u00f6nnen. Sie k\u00f6nnen dar\u00fcber hinaus die Erfassung der durch das Cookie erzeugten und auf Ihre Nutzung der Website bezogenen Daten (inkl. Ihrer IP-Adresse) an Google sowie die Verarbeitung dieser Daten durch Google verhindern, indem sie das unter dem folgenden Link (<a href=\"http:\/\/tools.google.com\/dlpage\/gaoptout?hl=de\">http:\/\/tools.google.com\/dlpage\/gaoptout?hl=de<\/a>) verf\u00fcgbare Browser-Plugin herunterladen und installieren.<\/p>\n<p>N\u00e4here Informationen zu Nutzungsbedingungen und Datenschutz finden Sie unter&nbsp;<a href=\"http:\/\/www.google.com\/analytics\/terms\/de.html\">http:\/\/www.google.com\/analytics\/terms\/de.html<\/a>&nbsp;bzw. unter&nbsp;<a href=\"https:\/\/support.google.com\/analytics\/answer\/6004245?hl=de\">https:\/\/support.google.com\/analytics\/answer\/6004245?hl=de<\/a>. Wir weisen Sie darauf hin, dass auf dieser Webseite Google Analytics um den Code \u201egat._anonymizeIp();\u201c erweitert wurde, um eine anonymisierte Erfassung von IP-Adressen (sog. IP-Masking) zu gew\u00e4hrleisten.<\/p>\n<p>&nbsp;<\/p>\n<h4><strong>Opt-Out f\u00fcr Datensammlung und -analyse<\/strong><\/h4>\n<p>Sie k\u00f6nnen die Erfassung der durch Cookies erzeugten und auf Ihre Nutzung der Website bezogenen Daten (inkl. Ihrer IP-Adresse) an Google sowie die Verarbeitung dieser Daten durch Google verhindern, indem sie das unter dem folgenden Link (<a href=\"http:\/\/tools.google.com\/dlpage\/gaoptout?hl=de\">http:\/\/tools.google.com\/dlpage\/gaoptout?hl=de<\/a>) verf\u00fcgbare Browser-Plugin herunterladen und installieren.<\/p>\n<p>&nbsp;<\/p>\n<h4><strong>Datenschutzerkl\u00e4rung f\u00fcr die Nutzung von&nbsp;Facebook<\/strong><\/h4>\n<p>Auf unseren Seiten sind Plugins des sozialen Netzwerks Facebook, 1601 South California Avenue, Palo Alto, CA 94304, USA integriert. Die Facebook-Plugins erkennen Sie an dem Facebook-Logo oder dem \u201eLike-Button\u201c (\u201eGef\u00e4llt mir\u201c) auf unserer Seite. Eine \u00dcbersicht \u00fcber die Facebook-Plugins finden Sie hier:&nbsp;<a href=\"https:\/\/developers.facebook.com\/docs\/plugins\/\">https:\/\/developers.facebook.com\/docs\/plugins\/<\/a>.<\/p>\n<p>Wenn Sie unsere Seiten besuchen, wird \u00fcber das Plugin eine direkte Verbindung zwischen Ihrem Browser und dem Facebook-Server hergestellt. Facebook erh\u00e4lt dadurch die Information, dass Sie mit Ihrer IP-Adresse unsere Seite besucht haben. Wenn Sie den Facebook \u201eLike-Button\u201c anklicken w\u00e4hrend Sie in Ihrem Facebook-Account eingeloggt sind, k\u00f6nnen Sie die Inhalte unserer Seiten auf Ihrem Facebook-Profil verlinken. Dadurch kann Facebook den Besuch unserer Seiten Ihrem Benutzerkonto zuordnen. Wir weisen darauf hin, dass wir als Anbieter der Seiten keine Kenntnis vom Inhalt der \u00fcbermittelten Daten sowie deren Nutzung durch Facebook erhalten. Weitere Informationen hierzu finden Sie in der Datenschutzerkl\u00e4rung von Facebook unter&nbsp;<a href=\"https:\/\/www.facebook.com\/policy.php\">https:\/\/www.facebook.com\/policy.php<\/a>&nbsp;Wenn Sie nicht w\u00fcnschen, dass Facebook den Besuch unserer Seiten Ihrem Facebook- Nutzerkonto zuordnen&nbsp;kann, loggen Sie sich bitte aus Ihrem Facebook-Benutzerkonto aus.<\/p>\n<p>&nbsp;<\/p>\n<h4><strong>Datenschutzerkl\u00e4rung f\u00fcr die Nutzung von&nbsp;Twitter<\/strong><\/h4>\n<p>Auf unserer Webseite sind Funktionen des Dienstes Twitter eingebunden. Diese Funktionen werden durch die Twitter Inc., Twitter, Inc. 1355 Market St, Suite 900, San Francisco, CA 94103, USA angeboten. Durch das Benutzen von Twitter und den Funktionen der Twitter-Buttons, werden die von Ihnen besuchten Webseiten mit Ihrem Twitter-Account verkn\u00fcpft und anderen Nutzern bekannt gegeben. Dabei werden auch Daten an Twitter \u00fcbertragen. Wir weisen darauf hin, dass wir als Anbieter der Webseite keine Kenntnis vom Inhalt der \u00fcbermittelten Daten sowie deren Nutzung durch Twitter erhalten. Weitere Informationen hierzu finden Sie in der Datenschutzrichtline von Twitter unter&nbsp;<a href=\"https:\/\/twitter.com\/privacy?lang=de\">https:\/\/twitter.com\/privacy?lang=de<\/a>.&nbsp;Ihre Datenschutzeinstellungen bei Twitter k\u00f6nnen Sie in den Konto- Einstellungen unter&nbsp;<a href=\"https:\/\/twitter.com\/settings\/account\">https:\/\/twitter.com\/settings\/account<\/a>&nbsp;\u00e4ndern.<\/p>\n<p>&nbsp;<\/p>\n<h4><strong>Auskunftsrecht<\/strong><\/h4>\n<p>Sie haben jederzeit das Recht auf Auskunft \u00fcber die bez\u00fcglich Ihrer Person gespeicherten Daten, deren Herkunft und Empf\u00e4nger sowie den Zweck der Speicherung.<\/p>\n<p>&nbsp;<\/p>\n<h4><strong>Bildernachweis<\/strong><\/h4>\n<p>Bildnachweise f\u00fcr extern zugekaufte \/ eingebundene Bilder sind in den jeweiligen Beitr\u00e4gen (Postings) bzw. Seiten direkt angef\u00fchrt.<\/p>\n<p>&nbsp;<\/p>\n<h4><strong>Widerruf, \u00c4nderungen, Berichtigungen und Aktualisierungen<\/strong><\/h4>\n<p>Der Nutzer hat das Recht, auf Antrag unentgeltlich Auskunft zu erhalten \u00fcber die personenbezogenen Daten, die \u00fcber ihn gespeichert wurden. Zus\u00e4tzlich hat der Nutzer das Recht auf Berichtigung unrichtiger Daten, Sperrung und L\u00f6schung seiner personenbezogenen Daten, soweit dem keine gesetzliche Aufbewahrungspflicht entgegensteht.<\/p>\n<p>&nbsp;<\/p>\n<h4><strong>Kontakt<\/strong><\/h4>\n<p>COWORKINGSPACE LEUCHTTURM \u2013 VR 37 Besitz GmbH<\/p>\n<p>Luegerstra\u00dfe 10<\/p>\n<p>9020 Klagenfurt \u00d6sterreich<\/p>\n<p>Tel.: +43 664 2233128<\/p>\n<p>E-Mail: hello@leuchtturm-coworking.at<\/p>\n<p>Website: www.leuchtturm-coworking.at&nbsp;<\/p>\n<p>&nbsp;<\/p>\n<h3>Haftungsausschluss<\/h3>\n<p>Dieser Haftungsausschluss ist als Teil des Internetangebotes zu betrachten, von dem aus auf diese Webseite&nbsp;verwiesen wurde. Sofern Teile oder einzelne Formulierungen dieses Textes der geltenden Rechtslage nicht, nicht mehr oder nicht vollst\u00e4ndig entsprechen sollten, bleiben die \u00fcbrigen Teile des Dokumentes in ihrem Inhalt und ihrer G\u00fcltigkeit davon unber\u00fchrt.<\/p>\n<p>&nbsp;<\/p>\n<h4><strong>Haftung f\u00fcr Inhalte dieser Webseite<\/strong><\/h4>\n<p>Die Inhalte unserer Seiten wurden mit gr\u00f6\u00dfter Sorgfalt erstellt. F\u00fcr die Richtigkeit, Vollst\u00e4ndigkeit und Aktualit\u00e4t der Inhalte k\u00f6nnen wir jedoch keine Gew\u00e4hr \u00fcbernehmen. Als Diensteanbieter sind wir f\u00fcr eigene Inhalte auf diesen Seiten nach den allgemeinen Gesetzen verantwortlich. Wir sind jedoch nicht verpflichtet, \u00fcbermittelte oder gespeicherte fremde Informationen zu \u00fcberwachen oder nach Umst\u00e4nden zu forschen, die auf eine rechtswidrige T\u00e4tigkeit hinweisen. Verpflichtungen zur Entfernung oder Sperrung der Nutzung von Informationen nach den allgemeinen Gesetzen bleiben hiervon unber\u00fchrt. Eine diesbez\u00fcgliche Haftung ist jedoch erst ab dem Zeitpunkt der Kenntnis einer konkreten Rechtsverletzung m\u00f6glich. Bei Bekanntwerden von entsprechenden Rechtsverletzungen werden wir diese Inhalte umgehend entfernen.<\/p>\n<p>&nbsp;<\/p>\n<h4><strong>Haftung f\u00fcr Links auf Webseiten Dritter<\/strong><\/h4>\n<p>Unser Angebot enth\u00e4lt Links zu externen Websites. Auf den Inhalt dieser externen Webseiten haben wir keinerlei Einfluss. Deshalb k\u00f6nnen wir f\u00fcr diese fremden Inhalte auch keine Gew\u00e4hr \u00fcbernehmen. F\u00fcr die Inhalte der verlinkten Seiten ist stets der jeweilige Anbieter oder Betreiber der Seiten verantwortlich. Die verlinkten Seiten wurden zum Zeitpunkt der Verlinkung auf m\u00f6gliche Rechtsverst\u00f6\u00dfe \u00fcberpr\u00fcft. Rechtswidrige Inhalte waren zum Zeitpunkt der Verlinkung nicht erkennbar. Eine permanente inhaltliche Kontrolle der verlinkten Seiten ist jedoch ohne konkrete Anhaltspunkte einer Rechtsverletzung nicht zumutbar. Bei Bekanntwerden von Rechtsverletzungen werden wir derartige Links umgehend entfernen.<\/p>\n<p>&nbsp;<\/p>\n<h4><strong>Urheberrecht, Copyright<\/strong><\/h4>\n<p>Die Betreiber dieser Webseite&nbsp;sind bem\u00fcht, stets die Urheberrechte anderer zu beachten bzw. auf selbst erstellte sowie lizenzfreie Werke zur\u00fcckzugreifen. Die durch die Seitenbetreiber erstellten Inhalte und Werke auf dieser Webseite unterliegen dem Urheberrecht. Beitr\u00e4ge Dritter sind als solche gekennzeichnet. Die Vervielf\u00e4ltigung, Bearbeitung, Verbreitung und jede Art der Verwertung au\u00dferhalb der Grenzen des Urheberrechtes bed\u00fcrfen der schriftlichen Zustimmung des jeweiligen Autors bzw. Erstellers. Downloads und Kopien dieser Seite sind nur f\u00fcr den privaten, nicht kommerziellen Gebrauch gestattet.<\/p>\n<p>Das Layout dieser Webseite, die verwendeten Grafiken sowie Texte und Bilder sind urheberrechtlich gesch\u00fctzt. Das Copyright f\u00fcr ver\u00f6ffentlichte und selbst erstellten Bildern, Grafiken etc. bleibt allein beim jeweiligen Urheber beziehungsweise der COWORKINGSPACE LEUCHTTURM \u2013 VR 37 Besitz GmbH. Diese Elemente d\u00fcrfen ohne ausdr\u00fcckliche schriftliche Zustimmung von COWORKINGSPACE LEUCHTTURM \u2013 VR 37 Besitz GmbH nicht vervielf\u00e4ltigt, gesendet, zur Verf\u00fcgung gestellt, vor- und aufgef\u00fchrt und vorgetragen sowie nicht \u00fcbersetzt, bearbeitet oder verarbeitet werden.<\/p>\n<p>&nbsp;<\/p>\n<p>Quelle: Erstellt&nbsp;mit dem&nbsp;<a href=\"http:\/\/www.firmenwebseiten.at\/impressum-generator\/\">Impressum Generator von firmenwebseiten.at<\/a><\/p>\n<p>&nbsp;<\/p>\n<p>&nbsp;[\/vc_column_text][\/vc_column][\/vc_row]<\/p>\n<\/div>","protected":false},"excerpt":{"rendered":"<p>[vc_row css_animation=&#8221;&#8221; row_type=&#8221;row&#8221; use_row_as_full_screen_section=&#8221;no&#8221; type=&#8221;full_width&#8221; text_align=&#8221;left&#8221; css=&#8221;.vc_custom_1520326978744{padding-top: 80px !important;padding-bottom: 80px !important;}&#8221;][vc_column][vc_column_text] Datenschutzerkl\u00e4rung Nutzungshinweise f\u00fcr die Webseite https:\/\/www.leuchtturm-coworking.at &nbsp; Geltungsbereich Dieser Datenschutzhinweis kl\u00e4rt Nutzer \u00fcber die Art, den Umfang und Zwecke der Erhebung und Verwendung personenbezogener Daten durch COWORKINGSPACE LEUCHTTURM \u2013 VR 37 Besitz GmbH, Luegerstra\u00dfe&#8230;<\/p>\n","protected":false},"author":2,"featured_media":0,"parent":0,"menu_order":0,"comment_status":"closed","ping_status":"closed","template":"","meta":{"ngg_post_thumbnail":0},"acf":[],"yoast_head":"<!-- This site is optimized with the Yoast SEO plugin v15.9.2 - https:\/\/yoast.com\/wordpress\/plugins\/seo\/ -->\n<meta name=\"robots\" content=\"index, follow, max-snippet:-1, max-image-preview:large, max-video-preview:-1\" \/>\n<link rel=\"canonical\" href=\"https:\/\/www.leuchtturm-coworking.at\/en\/privacy-policy\/\" \/>\n<meta property=\"og:locale\" content=\"en_US\" \/>\n<meta property=\"og:type\" content=\"article\" \/>\n<meta property=\"og:title\" content=\"Privacy policy - CoWorking Space Leuchtturm, Klagenfurt\" \/>\n<meta property=\"og:description\" content=\"[vc_row css_animation=&#8221;&#8221; row_type=&#8221;row&#8221; use_row_as_full_screen_section=&#8221;no&#8221; type=&#8221;full_width&#8221; text_align=&#8221;left&#8221; css=&#8221;.vc_custom_1520326978744{padding-top: 80px !important;padding-bottom: 80px !important;}&#8221;][vc_column][vc_column_text] Datenschutzerkl\u00e4rung Nutzungshinweise f\u00fcr die Webseite https:\/\/www.leuchtturm-coworking.at &nbsp; Geltungsbereich Dieser Datenschutzhinweis kl\u00e4rt Nutzer \u00fcber die Art, den Umfang und Zwecke der Erhebung und Verwendung personenbezogener Daten durch COWORKINGSPACE LEUCHTTURM \u2013 VR 37 Besitz GmbH, Luegerstra\u00dfe...\" \/>\n<meta property=\"og:url\" content=\"https:\/\/www.leuchtturm-coworking.at\/en\/privacy-policy\/\" \/>\n<meta property=\"og:site_name\" content=\"CoWorking Space Leuchtturm, Klagenfurt\" \/>\n<meta property=\"article:modified_time\" content=\"2023-09-21T06:15:11+00:00\" \/>\n<meta name=\"twitter:card\" content=\"summary\" \/>\n<meta name=\"twitter:label1\" content=\"Est. reading time\">\n\t<meta name=\"twitter:data1\" content=\"11 minutes\">\n<script type=\"application\/ld+json\" class=\"yoast-schema-graph\">{\"@context\":\"https:\/\/schema.org\",\"@graph\":[{\"@type\":\"WebSite\",\"@id\":\"https:\/\/www.leuchtturm-coworking.at\/en\/#website\",\"url\":\"https:\/\/www.leuchtturm-coworking.at\/en\/\",\"name\":\"CoWorking Space Leuchtturm, Klagenfurt\",\"description\":\"A home for creatives, developers and startups\",\"potentialAction\":[{\"@type\":\"SearchAction\",\"target\":\"https:\/\/www.leuchtturm-coworking.at\/en\/?s={search_term_string}\",\"query-input\":\"required name=search_term_string\"}],\"inLanguage\":\"en-US\"},{\"@type\":\"WebPage\",\"@id\":\"https:\/\/www.leuchtturm-coworking.at\/en\/privacy-policy\/#webpage\",\"url\":\"https:\/\/www.leuchtturm-coworking.at\/en\/privacy-policy\/\",\"name\":\"Privacy policy - CoWorking Space Leuchtturm, Klagenfurt\",\"isPartOf\":{\"@id\":\"https:\/\/www.leuchtturm-coworking.at\/en\/#website\"},\"datePublished\":\"2018-03-06T10:22:01+00:00\",\"dateModified\":\"2023-09-21T06:15:11+00:00\",\"breadcrumb\":{\"@id\":\"https:\/\/www.leuchtturm-coworking.at\/en\/privacy-policy\/#breadcrumb\"},\"inLanguage\":\"en-US\",\"potentialAction\":[{\"@type\":\"ReadAction\",\"target\":[\"https:\/\/www.leuchtturm-coworking.at\/en\/privacy-policy\/\"]}]},{\"@type\":\"BreadcrumbList\",\"@id\":\"https:\/\/www.leuchtturm-coworking.at\/en\/privacy-policy\/#breadcrumb\",\"itemListElement\":[{\"@type\":\"ListItem\",\"position\":1,\"item\":{\"@type\":\"WebPage\",\"@id\":\"http:\/\/www.leuchtturm-coworking.at\/en\/\",\"url\":\"http:\/\/www.leuchtturm-coworking.at\/en\/\",\"name\":\"Startseite\"}},{\"@type\":\"ListItem\",\"position\":2,\"item\":{\"@type\":\"WebPage\",\"@id\":\"https:\/\/www.leuchtturm-coworking.at\/en\/privacy-policy\/\",\"url\":\"https:\/\/www.leuchtturm-coworking.at\/en\/privacy-policy\/\",\"name\":\"Privacy policy\"}}]}]}<\/script>\n<!-- \/ Yoast SEO plugin. -->","_links":{"self":[{"href":"https:\/\/www.leuchtturm-coworking.at\/en\/wp-json\/wp\/v2\/pages\/23484"}],"collection":[{"href":"https:\/\/www.leuchtturm-coworking.at\/en\/wp-json\/wp\/v2\/pages"}],"about":[{"href":"https:\/\/www.leuchtturm-coworking.at\/en\/wp-json\/wp\/v2\/types\/page"}],"author":[{"embeddable":true,"href":"https:\/\/www.leuchtturm-coworking.at\/en\/wp-json\/wp\/v2\/users\/2"}],"replies":[{"embeddable":true,"href":"https:\/\/www.leuchtturm-coworking.at\/en\/wp-json\/wp\/v2\/comments?post=23484"}],"version-history":[{"count":5,"href":"https:\/\/www.leuchtturm-coworking.at\/en\/wp-json\/wp\/v2\/pages\/23484\/revisions"}],"predecessor-version":[{"id":24036,"href":"https:\/\/www.leuchtturm-coworking.at\/en\/wp-json\/wp\/v2\/pages\/23484\/revisions\/24036"}],"wp:attachment":[{"href":"https:\/\/www.leuchtturm-coworking.at\/en\/wp-json\/wp\/v2\/media?parent=23484"}],"curies":[{"name":"wp","href":"https:\/\/api.w.org\/{rel}","templated":true}]}}