{"id":21886,"date":"2016-03-29T16:56:52","date_gmt":"2016-03-29T14:56:52","guid":{"rendered":"https:\/\/www.leuchtturm-coworking.at\/?page_id=21886&#038;lang=en"},"modified":"2023-09-21T08:05:52","modified_gmt":"2023-09-21T06:05:52","slug":"imprint","status":"publish","type":"page","link":"https:\/\/www.leuchtturm-coworking.at\/en\/imprint\/","title":{"rendered":"Imprint"},"content":{"rendered":"<div class=\"wpb-content-wrapper\"><p>[vc_row css_animation=&#8221;&#8221; row_type=&#8221;row&#8221; use_row_as_full_screen_section=&#8221;no&#8221; type=&#8221;grid&#8221; text_align=&#8221;left&#8221; background_color=&#8221;#ffffff&#8221; css=&#8221;.vc_custom_1457539484640{padding-top: 80px !important;padding-bottom: 80px !important;}&#8221;][vc_column][vc_column_text]<\/p>\n<h2>Coworkingspace Leuchtturm<\/h2>\n<h3>VR 37 Besitz GmbH<\/h3>\n<p>&nbsp;<\/p>\n<h4 style=\"margin-top: 20px;\">Gesch\u00e4ftsf\u00fchrung<\/h4>\n<p>DI Daniel Lichtenegger<br \/>\nDI Martin Bierbaumer<br \/>\nMichael Auer Di Gaspero<\/p>\n<h4 style=\"margin-top: 20px;\">Firmensitz<\/h4>\n<p>VR 37 Besitz GmbH<br \/>\nParadeisergasse 12\/3<br \/>\n9020 Klagenfurt<br \/>\n\u00d6sterreich<\/p>\n<p>&nbsp;<\/p>\n<p>Tel.: +43 664 2233128<br \/>\nE-Mail: hello@leuchtturm-coworking.at<br \/>\nWebsite: www.leuchtturm-coworking.at<\/p>\n<h4 style=\"margin-top: 20px;\">Weitere Informationen gem\u00e4\u00df E-Commerce-Gesetz<\/h4>\n<p>Firmengericht: Landesgericht Klagenfurt<br \/>\nBeh\u00f6rde gem. ECG (E-Commerce Gesetz): Magistrat der Stadt Klagenfurt<br \/>\nUID: ATU77763289<br \/>\nFirmenbuch: FN 572985 a<br \/>\nVerantwortlich f\u00fcr den Inhalt: DI Daniel Lichtenegger<\/p>\n<h4 style=\"margin-top: 20px;\">Bildnachweise<\/h4>\n<p>Bilder von Alexander Pippan, Level42 Softwarel\u00f6sungen GmbH<br \/>\nLogos sind Eigentum der jeweiligen Unternehmen \/ Mieter<br \/>\nIcons von <a title=\"Freepik\" href=\"http:\/\/www.freepik.com\/\" rel=\"nofollow\">Freepik<\/a>\u00a0(<a title=\"Flaticon\" href=\"http:\/\/www.flaticon.com\/\" rel=\"nofollow\">www.flaticon.com<\/a>)<\/p>\n<p style=\"margin-top: 10px;\"><small><i class=\"fa fa-code\" style=\"margin-right: 5px;\"><\/i> Website by <a href=\"http:\/\/www.webpunks.co\" target=\"_blank\" rel=\"noopener noreferrer\">www.webpunks.co<\/a><\/small><\/p>\n<h4 style=\"margin-top: 20px;\">Rechtshinweise &amp; Nutzungsbedingungen<\/h4>\n<p>Diese Internet-Pr\u00e4senz wurde sorgf\u00e4ltig erarbeitet. Dennoch: Der Herausgeber \u00fcbernimmt f\u00fcr eventuelle Nachteile oder Sch\u00e4den, die aus den aufgef\u00fchrten Informationen, Empfehlungen oder Hinweisen resultieren, keine Haftung. Der Inhalt dieser Homepage ist ausschlie\u00dflich zu Informationszwecken bestimmt. Die Informationen stellen in keiner Weise einen Ersatz f\u00fcr professionelle Beratung durch Fachleute dar. F\u00fcr Sch\u00e4den oder Unannehmlichkeiten, die durch den Gebrauch oder Missbrauch dieser Informationen entstehen, kann der Herausgeber nicht \u2013 weder direkt noch indirekt \u2013 zur Verantwortung gezogen werden. Der Herausgeber \u00fcbernimmt keine Gew\u00e4hr f\u00fcr die Aktualit\u00e4t, Richtigkeit und Vollst\u00e4ndigkeit der bereitgestellten Informationen auf seiner Internet-Pr\u00e4senz. Die Haftung des Herausgebers f\u00fcr die Inhalte und Nutzung der Homepage beschr\u00e4nkt sich auf Vorsatz und grob fahrl\u00e4ssiges Verhalten. Die Autoren haften auch nicht f\u00fcr unbefugte Ver\u00e4nderungen durch Dritte (z.B. Hackangriffe etc.). Bei den angelinkten externen Seiten handelt es sich ausschlie\u00dflich um fremde, dem Herausgeber nicht zug\u00e4ngliche Inhalte. Der Herausgeber \u00fcbernimmt keine Verantwortung f\u00fcr den Inhalt der angelinkten Seiten. Es hat lediglich eine \u00dcberpr\u00fcfung der verlinkten Seiten zum Zeitpunkt der Linksetzung stattgefunden, bei der keine Anhaltspunkte f\u00fcr illegale Inhalte entdeckt wurden. Soweit Regelungen und Gesetze wiedergegeben werden, ist allein die amtliche Bekanntmachung ma\u00dfgeblich. Der Herausgeber ist bestrebt, in allen Publikationen die Urheberrechte der verwendeten Grafiken, Tondokumente, Videosequenzen und Texte zu beachten, von ihnen selbst erstellte Grafiken, Tondokumente, Videosequenzen und Texte zu nutzen oder auf lizenzfreie Grafiken, Tondokumente, Videosequenzen und Texte zur\u00fcckzugreifen. Das Copyright f\u00fcr ver\u00f6ffentlichte, von den Autoren selbst erstellte Objekte bleibt allein bei dem Herausgeber der Seiten. Eine Vervielf\u00e4ltigung oder Verwendung ist ohne seine ausdr\u00fcckliche Zustimmung nicht gestattet. Sofern innerhalb des Internetangebotes die M\u00f6glichkeit zur Eingabe pers\u00f6nlicher oder gesch\u00e4ftlicher Daten (E-Mail-Adressen, Namen, Anschriften, Telefon- und Faxnummern etc.) besteht, so erfolgt die Preisgabe dieser Daten seitens des Nutzers auf ausdr\u00fccklich freiwilliger Basis. Der Herausgeber der Internet-Pr\u00e4senz verpflichtet sich im Rahmen des Datenschutzgesetzes zur gr\u00f6\u00dftm\u00f6glichen Verschwiegenheit und wird die Daten nicht unerlaubt weitergeben. Dieser Haftungsausschluss ist als Teil des Internetangebotes zu betrachten, von dem aus auf diese Seite verwiesen wurde. Sofern Teile oder einzelne Formulierungen dieses Textes der geltenden Rechtslage nicht, nicht mehr oder nicht vollst\u00e4ndig entsprechen sollten, bleiben die \u00fcbrigen Teile des Dokumentes in ihrem Inhalt und ihrer G\u00fcltigkeit davon unber\u00fchrt.<\/p>\n<h4 style=\"margin-top: 20px;\">Inhalt des Onlineangebots<\/h4>\n<p>Der Autor \u00fcbernimmt keinerlei Gew\u00e4hr f\u00fcr die Aktualit\u00e4t, Korrektheit, Vollst\u00e4ndigkeit oder Qualit\u00e4t der bereitgestellten Informationen. Haftungsanspr\u00fcche gegen den Autor, welche sich auf Sch\u00e4den materieller oder ideeller Art beziehen, die durch die Nutzung oder Nichtnutzung der dargebotenen Informationen bzw. durch die Nutzung fehlerhafter und unvollst\u00e4ndiger Informationen verursacht wurden, sind grunds\u00e4tzlich ausgeschlossen, sofern seitens des Autors kein nachweislich vors\u00e4tzliches oder grob fahrl\u00e4ssiges Verschulden vorliegt. Der Autor beh\u00e4lt es sich ausdr\u00fccklich vor, Teile der Seiten ohne gesonderte Ank\u00fcndigung zu ver\u00e4ndern, zu erg\u00e4nzen, zu l\u00f6schen oder die Ver\u00f6ffentlichung zeitweise oder endg\u00fcltig einzustellen.<\/p>\n<h4 style=\"margin-top: 20px;\">Urheber- und Kennzeichenrecht<\/h4>\n<p>Der Autor ist bestrebt, in allen Publikationen die Urheberrechte der verwendeten Grafiken, Tondokumente, Videosequenzen und Texte zu beachten, von ihm selbst erstellte Grafiken, Tondokumente, Videosequenzen und Texte zu nutzen oder auf lizenzfreie Grafiken, Tondokumente, Videosequenzen und Texte zur\u00fcckzugreifen. Alle innerhalb des Internetangebotes genannten und ggf. durch Dritte gesch\u00fctzten Marken- und Warenzeichen unterliegen uneingeschr\u00e4nkt den Bestimmungen des jeweils g\u00fcltigen Kennzeichenrechts und den Besitzrechten der jeweiligen eingetragenen Eigent\u00fcmer. Allein aufgrund der blo\u00dfen Nennung ist nicht der Schluss zu ziehen, dass Markenzeichen nicht durch Rechte Dritter gesch\u00fctzt sind! Das Copyright f\u00fcr ver\u00f6ffentlichte, vom Autor selbst erstellte Objekte bleibt allein beim Autor der Seiten. Eine Vervielf\u00e4ltigung oder Verwendung solcher Grafiken, Tondokumente, Videosequenzen und Texte in anderen elektronischen oder gedruckten Publikationen ist ohne ausdr\u00fcckliche Zustimmung des Autors nicht gestattet.<\/p>\n<h4 style=\"margin-top: 20px;\">Datenschutzhinweise<\/h4>\n<p>Unsere Datenschutzhinweise finden Sie unter\u00a0<a href=\"https:\/\/www.leuchtturm-coworking.at\/datenschutz\/\">www.leuchtturm-coworking.at\/datenschutz<\/a>. Sie gelten f\u00fcr die Webseite www.leuchtturm-coworking.at (nach \u00f6sterreichischem Recht).<\/p>\n<p>&nbsp;<\/p>\n<p>&nbsp;<\/p>\n<h3>Haftungsausschluss<\/h3>\n<p>Dieser Haftungsausschluss ist als Teil des Internetangebotes zu betrachten, von dem aus auf diese Webseite\u00a0verwiesen wurde. Sofern Teile oder einzelne Formulierungen dieses Textes der geltenden Rechtslage nicht, nicht mehr oder nicht vollst\u00e4ndig<br \/>\nentsprechen sollten, bleiben die \u00fcbrigen Teile des Dokumentes in ihrem Inhalt und ihrer G\u00fcltigkeit davon unber\u00fchrt.<\/p>\n<h4 style=\"margin-top: 20px;\">Haftung f\u00fcr Inhalte dieser Webseite<\/h4>\n<p>Die Inhalte unserer Seiten wurden mit gr\u00f6\u00dfter Sorgfalt erstellt. F\u00fcr die Richtigkeit, Vollst\u00e4ndigkeit und Aktualit\u00e4t der Inhalte k\u00f6nnen wir jedoch keine Gew\u00e4hr \u00fcbernehmen. Als Diensteanbieter sind wir f\u00fcr eigene Inhalte auf diesen Seiten nach den allgemeinen<br \/>\nGesetzen verantwortlich. Wir sind jedoch nicht verpflichtet, \u00fcbermittelte oder gespeicherte fremde Informationen zu \u00fcberwachen oder nach Umst\u00e4nden zu forschen, die auf eine rechtswidrige T\u00e4tigkeit hinweisen. Verpflichtungen zur Entfernung oder Sperrung<br \/>\nder Nutzung von Informationen nach den allgemeinen Gesetzen bleiben hiervon unber\u00fchrt. Eine diesbez\u00fcgliche Haftung ist jedoch erst ab dem Zeitpunkt der Kenntnis einer konkreten Rechtsverletzung m\u00f6glich. Bei Bekanntwerden von entsprechenden Rechtsverletzungen<br \/>\nwerden wir diese Inhalte umgehend entfernen.<\/p>\n<h4 style=\"margin-top: 20px;\">Haftung f\u00fcr Links auf Webseiten Dritter<\/h4>\n<p>Unser Angebot enth\u00e4lt Links zu externen Websites. Auf den Inhalt dieser externen Webseiten haben wir keinerlei Einfluss. Deshalb k\u00f6nnen wir f\u00fcr diese fremden Inhalte auch keine Gew\u00e4hr \u00fcbernehmen. F\u00fcr die Inhalte der verlinkten Seiten ist stets der jeweilige<br \/>\nAnbieter oder Betreiber der Seiten verantwortlich. Die verlinkten Seiten wurden zum Zeitpunkt der Verlinkung auf m\u00f6gliche Rechtsverst\u00f6\u00dfe \u00fcberpr\u00fcft. Rechtswidrige Inhalte waren zum Zeitpunkt der Verlinkung nicht erkennbar. Eine permanente inhaltliche<br \/>\nKontrolle der verlinkten Seiten ist jedoch ohne konkrete Anhaltspunkte einer Rechtsverletzung nicht zumutbar. Bei Bekanntwerden von Rechtsverletzungen werden wir derartige Links umgehend entfernen.<\/p>\n<h4 style=\"margin-top: 20px;\">Urheberrecht, Copyright<\/h4>\n<p>Die Betreiber dieser Webseite\u00a0sind bem\u00fcht, stets die Urheberrechte anderer zu beachten bzw. auf selbst erstellte sowie lizenzfreie Werke zur\u00fcckzugreifen. Die durch die Seitenbetreiber erstellten Inhalte und Werke auf dieser Webseite unterliegen dem<br \/>\nUrheberrecht. Beitr\u00e4ge Dritter sind als solche gekennzeichnet. Die Vervielf\u00e4ltigung, Bearbeitung, Verbreitung und jede Art der Verwertung au\u00dferhalb der Grenzen des Urheberrechtes bed\u00fcrfen der schriftlichen Zustimmung des jeweiligen Autors bzw. Erstellers.<br \/>\nDownloads und Kopien dieser Seite sind nur f\u00fcr den privaten, nicht kommerziellen Gebrauch gestattet.<\/p>\n<p>Das Layout dieser Webseite, die verwendeten Grafiken sowie Texte und Bilder sind urheberrechtlich gesch\u00fctzt. Das Copyright f\u00fcr ver\u00f6ffentlichte und selbst erstellten Bildern, Grafiken etc. bleibt allein beim jeweiligen Urheber beziehungsweise bei Leuchtturm Coworking.\u00a0Diese Elemente d\u00fcrfen ohne ausdr\u00fcckliche schriftliche Zustimmung nicht vervielf\u00e4ltigt, gesendet, zur Verf\u00fcgung gestellt, vor- und aufgef\u00fchrt und vorgetragen sowie nicht \u00fcbersetzt, bearbeitet<br \/>\noder verarbeitet werden.<\/p>\n<p>Quelle: Erstellt\u00a0mit dem\u00a0<a href=\"http:\/\/www.firmenwebseiten.at\/impressum-generator\/\" target=\"_blank\" rel=\"nofollow noopener noreferrer\">Impressum Generator von firmenwebseiten.at<\/a>^[\/vc_column_text][\/vc_column][\/vc_row]<\/p>\n<\/div>","protected":false},"excerpt":{"rendered":"<p>[vc_row css_animation=&#8221;&#8221; row_type=&#8221;row&#8221; use_row_as_full_screen_section=&#8221;no&#8221; type=&#8221;grid&#8221; text_align=&#8221;left&#8221; background_color=&#8221;#ffffff&#8221; css=&#8221;.vc_custom_1457539484640{padding-top: 80px !important;padding-bottom: 80px !important;}&#8221;][vc_column][vc_column_text] Coworkingspace Leuchtturm VR 37 Besitz GmbH &nbsp; Gesch\u00e4ftsf\u00fchrung DI Daniel Lichtenegger DI Martin Bierbaumer Michael Auer Di Gaspero Firmensitz VR 37 Besitz GmbH Paradeisergasse 12\/3 9020 Klagenfurt \u00d6sterreich &nbsp; Tel.: +43 664 2233128&#8230;<\/p>\n","protected":false},"author":2,"featured_media":0,"parent":0,"menu_order":0,"comment_status":"open","ping_status":"open","template":"full_width.php","meta":{"ngg_post_thumbnail":0},"acf":[],"yoast_head":"<!-- This site is optimized with the Yoast SEO plugin v15.9.2 - https:\/\/yoast.com\/wordpress\/plugins\/seo\/ -->\n<meta name=\"description\" content=\"Impressum Coworking Space Leuchtturm - VR 37 Besitz GmbH mit den Gesch\u00e4ftsf\u00fchrern DI Daniel Lichtenegger &amp; DI Martin Bierbaumer &amp; Michael Auer Di Gaspero, Luegerstra\u00dfe 10, 9020 Klagenfurt\" \/>\n<meta name=\"robots\" content=\"index, follow, max-snippet:-1, max-image-preview:large, max-video-preview:-1\" \/>\n<link rel=\"canonical\" href=\"https:\/\/www.leuchtturm-coworking.at\/en\/imprint\/\" \/>\n<meta property=\"og:locale\" content=\"en_US\" \/>\n<meta property=\"og:type\" content=\"article\" \/>\n<meta property=\"og:title\" content=\"Imprint - CoWorking Space Leuchtturm, Klagenfurt\" \/>\n<meta property=\"og:description\" content=\"Impressum Coworking Space Leuchtturm - VR 37 Besitz GmbH mit den Gesch\u00e4ftsf\u00fchrern DI Daniel Lichtenegger &amp; DI Martin Bierbaumer &amp; Michael Auer Di Gaspero, Luegerstra\u00dfe 10, 9020 Klagenfurt\" \/>\n<meta property=\"og:url\" content=\"https:\/\/www.leuchtturm-coworking.at\/en\/imprint\/\" \/>\n<meta property=\"og:site_name\" content=\"CoWorking Space Leuchtturm, Klagenfurt\" \/>\n<meta property=\"article:modified_time\" content=\"2023-09-21T06:05:52+00:00\" \/>\n<meta name=\"twitter:card\" content=\"summary\" \/>\n<meta name=\"twitter:label1\" content=\"Est. reading time\">\n\t<meta name=\"twitter:data1\" content=\"6 minutes\">\n<script type=\"application\/ld+json\" class=\"yoast-schema-graph\">{\"@context\":\"https:\/\/schema.org\",\"@graph\":[{\"@type\":\"WebSite\",\"@id\":\"https:\/\/www.leuchtturm-coworking.at\/en\/#website\",\"url\":\"https:\/\/www.leuchtturm-coworking.at\/en\/\",\"name\":\"CoWorking Space Leuchtturm, Klagenfurt\",\"description\":\"A home for creatives, developers and startups\",\"potentialAction\":[{\"@type\":\"SearchAction\",\"target\":\"https:\/\/www.leuchtturm-coworking.at\/en\/?s={search_term_string}\",\"query-input\":\"required name=search_term_string\"}],\"inLanguage\":\"en-US\"},{\"@type\":\"WebPage\",\"@id\":\"https:\/\/www.leuchtturm-coworking.at\/en\/imprint\/#webpage\",\"url\":\"https:\/\/www.leuchtturm-coworking.at\/en\/imprint\/\",\"name\":\"Imprint - CoWorking Space Leuchtturm, Klagenfurt\",\"isPartOf\":{\"@id\":\"https:\/\/www.leuchtturm-coworking.at\/en\/#website\"},\"datePublished\":\"2016-03-29T14:56:52+00:00\",\"dateModified\":\"2023-09-21T06:05:52+00:00\",\"description\":\"Impressum Coworking Space Leuchtturm - VR 37 Besitz GmbH mit den Gesch\\u00e4ftsf\\u00fchrern DI Daniel Lichtenegger & DI Martin Bierbaumer & Michael Auer Di Gaspero, Luegerstra\\u00dfe 10, 9020 Klagenfurt\",\"breadcrumb\":{\"@id\":\"https:\/\/www.leuchtturm-coworking.at\/en\/imprint\/#breadcrumb\"},\"inLanguage\":\"en-US\",\"potentialAction\":[{\"@type\":\"ReadAction\",\"target\":[\"https:\/\/www.leuchtturm-coworking.at\/en\/imprint\/\"]}]},{\"@type\":\"BreadcrumbList\",\"@id\":\"https:\/\/www.leuchtturm-coworking.at\/en\/imprint\/#breadcrumb\",\"itemListElement\":[{\"@type\":\"ListItem\",\"position\":1,\"item\":{\"@type\":\"WebPage\",\"@id\":\"http:\/\/www.leuchtturm-coworking.at\/en\/\",\"url\":\"http:\/\/www.leuchtturm-coworking.at\/en\/\",\"name\":\"Startseite\"}},{\"@type\":\"ListItem\",\"position\":2,\"item\":{\"@type\":\"WebPage\",\"@id\":\"https:\/\/www.leuchtturm-coworking.at\/en\/imprint\/\",\"url\":\"https:\/\/www.leuchtturm-coworking.at\/en\/imprint\/\",\"name\":\"Imprint\"}}]}]}<\/script>\n<!-- \/ Yoast SEO plugin. -->","_links":{"self":[{"href":"https:\/\/www.leuchtturm-coworking.at\/en\/wp-json\/wp\/v2\/pages\/21886"}],"collection":[{"href":"https:\/\/www.leuchtturm-coworking.at\/en\/wp-json\/wp\/v2\/pages"}],"about":[{"href":"https:\/\/www.leuchtturm-coworking.at\/en\/wp-json\/wp\/v2\/types\/page"}],"author":[{"embeddable":true,"href":"https:\/\/www.leuchtturm-coworking.at\/en\/wp-json\/wp\/v2\/users\/2"}],"replies":[{"embeddable":true,"href":"https:\/\/www.leuchtturm-coworking.at\/en\/wp-json\/wp\/v2\/comments?post=21886"}],"version-history":[{"count":7,"href":"https:\/\/www.leuchtturm-coworking.at\/en\/wp-json\/wp\/v2\/pages\/21886\/revisions"}],"predecessor-version":[{"id":24030,"href":"https:\/\/www.leuchtturm-coworking.at\/en\/wp-json\/wp\/v2\/pages\/21886\/revisions\/24030"}],"wp:attachment":[{"href":"https:\/\/www.leuchtturm-coworking.at\/en\/wp-json\/wp\/v2\/media?parent=21886"}],"curies":[{"name":"wp","href":"https:\/\/api.w.org\/{rel}","templated":true}]}}